{"id":45,"date":"2018-05-26T12:57:29","date_gmt":"2018-05-26T10:57:29","guid":{"rendered":"http:\/\/hotelberg.www13.de\/english\/?page_id=45"},"modified":"2018-05-26T12:57:29","modified_gmt":"2018-05-26T10:57:29","slug":"impressum","status":"publish","type":"page","link":"http:\/\/www.hotelberg.de\/english\/impressum\/","title":{"rendered":"Impressum"},"content":{"rendered":"<h2>Hotel Berg<\/h2>\n<p>Einzelunternehmen<br \/>\nInhaber und verantwortlich f\u00fcr den Seiteninhalt:<br \/>\n<strong>Alexander Canh\u00e3o Zappel<\/strong><br \/>\nBrandenburger Str. 6<br \/>\nD &#8211; 50668 K\u00f6ln<\/p>\n<p>Tel. +49 (0)221 9129162<br \/>\nFax: +49 (0)221 1390011<\/p>\n<p>EMail: hotel@hotel-berg.com<\/p>\n<p>Genehmigungsbeh\u00f6rde: Stadt K\u00f6ln<br \/>\nUSt.-ID: DE315553716<\/p>\n","protected":false},"excerpt":{"rendered":"<p>Hotel Berg Einzelunternehmen Inhaber und verantwortlich f\u00fcr den Seiteninhalt: Alexander Canh\u00e3o Zappel Brandenburger Str. 6 D &#8211; 50668 K\u00f6ln Tel. +49 (0)221 9129162 Fax: +49 (0)221 1390011 EMail: hotel@hotel-berg.com Genehmigungsbeh\u00f6rde: Stadt K\u00f6ln USt.-ID: DE315553716<\/p>\n","protected":false},"author":1,"featured_media":0,"parent":0,"menu_order":0,"comment_status":"closed","ping_status":"closed","template":"","meta":[],"_links":{"self":[{"href":"http:\/\/www.hotelberg.de\/english\/wp-json\/wp\/v2\/pages\/45"}],"collection":[{"href":"http:\/\/www.hotelberg.de\/english\/wp-json\/wp\/v2\/pages"}],"about":[{"href":"http:\/\/www.hotelberg.de\/english\/wp-json\/wp\/v2\/types\/page"}],"author":[{"embeddable":true,"href":"http:\/\/www.hotelberg.de\/english\/wp-json\/wp\/v2\/users\/1"}],"replies":[{"embeddable":true,"href":"http:\/\/www.hotelberg.de\/english\/wp-json\/wp\/v2\/comments?post=45"}],"version-history":[{"count":0,"href":"http:\/\/www.hotelberg.de\/english\/wp-json\/wp\/v2\/pages\/45\/revisions"}],"wp:attachment":[{"href":"http:\/\/www.hotelberg.de\/english\/wp-json\/wp\/v2\/media?parent=45"}],"curies":[{"name":"wp","href":"https:\/\/api.w.org\/{rel}","templated":true}]}}